{"id":2682,"date":"2020-10-09T11:22:13","date_gmt":"2020-10-09T11:22:13","guid":{"rendered":"http:\/\/burlesquecologne.de\/?page_id=2682"},"modified":"2026-03-10T09:30:50","modified_gmt":"2026-03-10T08:30:50","slug":"faqs","status":"publish","type":"page","link":"https:\/\/burlesquecologne.de\/de\/faqs\/","title":{"rendered":"F.A.Q. Workshops"},"content":{"rendered":"<p><div class=\"fusion-fullwidth fullwidth-box fusion-builder-row-1 fusion-flex-container has-pattern-background has-mask-background nonhundred-percent-fullwidth non-hundred-percent-height-scrolling\" style=\"--awb-background-repeat:repeat;--awb-border-radius-top-left:0px;--awb-border-radius-top-right:0px;--awb-border-radius-bottom-right:0px;--awb-border-radius-bottom-left:0px;--awb-padding-top:4%;--awb-padding-bottom:4%;--awb-padding-top-small:0px;--awb-background-color:var(--awb-color8);--awb-flex-wrap:wrap;\" ><div class=\"fusion-builder-row fusion-row fusion-flex-align-items-center fusion-flex-justify-content-center fusion-flex-content-wrap\" style=\"max-width:1216.8px;margin-left: calc(-4% \/ 2 );margin-right: calc(-4% \/ 2 );\"><div class=\"fusion-layout-column fusion_builder_column fusion-builder-column-0 fusion_builder_column_3_5 3_5 fusion-flex-column fusion-flex-align-self-flex-start fusion-column-no-min-height\" style=\"--awb-padding-top:6%;--awb-padding-right:6%;--awb-padding-bottom:6%;--awb-padding-left:6%;--awb-overflow:hidden;--awb-bg-size:cover;--awb-border-color:hsla(var(--awb-color5-h),var(--awb-color5-s),var(--awb-color5-l),calc( var(--awb-color5-a) - 58% ));--awb-border-bottom:2px;--awb-border-style:dotted;--awb-border-radius:50% 50% 50% 50%;--awb-filter:saturate(100%) brightness(100%) contrast(110%) opacity(90%);--awb-filter-transition:filter 0.3s ease;--awb-filter-hover:saturate(0%) brightness(110%) contrast(120%) opacity(90%);--awb-width-large:60%;--awb-margin-top-large:20px;--awb-spacing-right-large:9.6%;--awb-margin-bottom-large:40px;--awb-spacing-left-large:3.2%;--awb-width-medium:60%;--awb-spacing-right-medium:9.6%;--awb-spacing-left-medium:3.2%;--awb-width-small:100%;--awb-spacing-right-small:1.92%;--awb-margin-bottom-small:0px;--awb-spacing-left-small:1.92%;\"><div class=\"fusion-column-wrapper fusion-column-has-shadow fusion-flex-justify-content-flex-start fusion-content-layout-column\"><div class=\"fusion-image-element\" style=\"text-align:center;--awb-max-width:620px;--awb-caption-title-font-family:var(--h2_typography-font-family);--awb-caption-title-font-weight:var(--h2_typography-font-weight);--awb-caption-title-font-style:var(--h2_typography-font-style);--awb-caption-title-size:var(--h2_typography-font-size);--awb-caption-title-transform:var(--h2_typography-text-transform);--awb-caption-title-line-height:var(--h2_typography-line-height);--awb-caption-title-letter-spacing:var(--h2_typography-letter-spacing);\"><span class=\"fusion-imageframe imageframe-none imageframe-1 hover-type-zoomin fusion-animated\" style=\"border-radius:50%;\" data-animationtype=\"fadeInRight\" data-animationduration=\"1.0\" data-animationoffset=\"top-into-view\"><img decoding=\"async\" width=\"747\" height=\"960\" title=\"Goldenen zwanziger, motto party, NRW Burlesque K\u00f6ln\" src=\"https:\/\/burlesquecologne.de\/wp-content\/uploads\/2020\/10\/70273510_2651938504836386_1213835574067068928_n.jpg\" data-orig-src=\"http:\/\/burlesquecologne.de\/wp-content\/uploads\/2020\/10\/70273510_2651938504836386_1213835574067068928_n.jpg\" alt class=\"lazyload img-responsive wp-image-3654\" srcset=\"data:image\/svg+xml,%3Csvg%20xmlns%3D%27http%3A%2F%2Fwww.w3.org%2F2000%2Fsvg%27%20width%3D%27747%27%20height%3D%27960%27%20viewBox%3D%270%200%20747%20960%27%3E%3Crect%20width%3D%27747%27%20height%3D%27960%27%20fill-opacity%3D%220%22%2F%3E%3C%2Fsvg%3E\" data-srcset=\"https:\/\/burlesquecologne.de\/wp-content\/uploads\/2020\/10\/70273510_2651938504836386_1213835574067068928_n-200x257.jpg 200w, https:\/\/burlesquecologne.de\/wp-content\/uploads\/2020\/10\/70273510_2651938504836386_1213835574067068928_n-400x514.jpg 400w, https:\/\/burlesquecologne.de\/wp-content\/uploads\/2020\/10\/70273510_2651938504836386_1213835574067068928_n-600x771.jpg 600w, https:\/\/burlesquecologne.de\/wp-content\/uploads\/2020\/10\/70273510_2651938504836386_1213835574067068928_n.jpg 747w\" data-sizes=\"auto\" data-orig-sizes=\"(max-width: 1024px) 100vw, (max-width: 640px) 100vw, 600px\" \/><\/span><\/div><\/div><\/div><div class=\"fusion-layout-column fusion_builder_column fusion-builder-column-1 fusion_builder_column_2_5 2_5 fusion-flex-column fusion-animated\" style=\"--awb-bg-size:cover;--awb-width-large:40%;--awb-margin-top-large:20px;--awb-spacing-right-large:4.8%;--awb-margin-bottom-large:20px;--awb-spacing-left-large:9.6%;--awb-width-medium:40%;--awb-spacing-right-medium:9.6%;--awb-spacing-left-medium:4.8%;--awb-width-small:100%;--awb-margin-top-small:0px;--awb-spacing-right-small:1.92%;--awb-spacing-left-small:1.92%;\" data-animationtype=\"fadeInLeft\" data-animationduration=\"1.0\" data-animationoffset=\"top-into-view\"><div class=\"fusion-column-wrapper fusion-column-has-shadow fusion-flex-justify-content-center fusion-content-layout-column\"><div class=\"fusion-title title fusion-title-1 fusion-sep-none fusion-title-text fusion-title-size-two\" style=\"--awb-margin-top:10px;--awb-margin-top-small:12px;--awb-margin-right-small:0px;--awb-margin-bottom-small:20px;--awb-margin-left-small:0px;--awb-font-size:4em;\"><h2 class=\"fusion-title-heading title-heading-left fusion-responsive-typography-calculated\" style=\"margin:0;font-size:1em;--fontSize:72;line-height:0.93;\"><span style=\"font-weight: 400;\">Was ist Burlesque?<\/span><\/h2><\/div><div class=\"fusion-text fusion-text-1\"><p><span style=\"font-weight: 400;\">Sinnlich! S\u00fc\u00df! Provokativ! Anmutig Bewegungen einer eleganten Diva und \u00dcberraschungen.<\/span><\/p>\n<p><span style=\"font-weight: 400;\">Burlesque hat seine Wurzeln um 1880 und erfreute sich ab den 1930er Jahren in Europa und Nordamerika gro\u00dfer Beliebtheit.  Bei diesen Auff\u00fchrungen bewunderte das Publikum wenig bekleidete Frauenmit herausragenden t\u00e4nzerischen oder akrobatischen Talente. Doe Shows enthielten verruchte Dialoge mit grobem Humor und Parodien auf das gehobene Theater.\u00a0\u00a0<\/span><\/p>\n<p><span style=\"font-weight: 400;\">Seit den 1990er Jahren erlebt Burlesque ein Revival, das als Neo-Burlesque bekannt ist. Oft enthalten die Shows Elemente eines Striptease in, mal lustiger, mal sinnlicher, mal politischer Ausf\u00fchrung. Die Geschichte des Burlesque ist ein weites Feld, das sich im Laufe der Jahrzehnte immer wieder weiterentwickelt hat. In den Workshops werden wir euch noch mehr \u00fcber die Wurzeln und die Entwicklung erz\u00e4hlen!<\/span><\/p>\n<\/div><\/div><\/div><\/div><\/div><div class=\"fusion-fullwidth fullwidth-box fusion-builder-row-2 fusion-flex-container has-pattern-background has-mask-background nonhundred-percent-fullwidth non-hundred-percent-height-scrolling\" style=\"--awb-background-repeat:repeat;--awb-border-radius-top-left:0px;--awb-border-radius-top-right:0px;--awb-border-radius-bottom-right:0px;--awb-border-radius-bottom-left:0px;--awb-padding-top:4%;--awb-padding-bottom:4%;--awb-background-color:var(--awb-color8);--awb-flex-wrap:wrap;\" ><div class=\"fusion-builder-row fusion-row fusion-flex-align-items-stretch fusion-flex-justify-content-center fusion-flex-content-wrap\" style=\"max-width:1216.8px;margin-left: calc(-4% \/ 2 );margin-right: calc(-4% \/ 2 );\"><div class=\"fusion-layout-column fusion_builder_column fusion-builder-column-2 fusion_builder_column_2_5 2_5 fusion-flex-column fusion-animated\" style=\"--awb-bg-size:cover;--awb-width-large:40%;--awb-margin-top-large:20px;--awb-spacing-right-large:9.6%;--awb-margin-bottom-large:20px;--awb-spacing-left-large:4.8%;--awb-width-medium:40%;--awb-spacing-right-medium:4.8%;--awb-spacing-left-medium:9.6%;--awb-width-small:100%;--awb-order-small:1;--awb-margin-top-small:0px;--awb-spacing-right-small:1.92%;--awb-spacing-left-small:1.92%;\" data-animationtype=\"fadeInLeft\" data-animationduration=\"1.0\" data-animationoffset=\"top-into-view\"><div class=\"fusion-column-wrapper fusion-column-has-shadow fusion-flex-justify-content-center fusion-content-layout-column\"><div class=\"fusion-title title fusion-title-2 fusion-sep-none fusion-title-text fusion-title-size-two\" style=\"--awb-margin-top:10px;--awb-margin-top-small:12px;--awb-margin-right-small:0px;--awb-margin-bottom-small:20px;--awb-margin-left-small:0px;--awb-font-size:4em;\"><h2 class=\"fusion-title-heading title-heading-left fusion-responsive-typography-calculated\" style=\"margin:0;font-size:1em;--fontSize:72;line-height:0.97;\"><span style=\"font-weight: 400;\">Wer kann teilnehmen?<\/span><\/h2><\/div><div class=\"fusion-text fusion-text-2\"><p>Jeder! Alle Geschlechter sind willkommen. Was auch immer dich inspiriert und motiviert, ist ein guter Grund teilzunehmen! \"Boylesque\" ist \u00fcbrigens ein wachsendes Genre!<\/p>\n<\/div><\/div><\/div><div class=\"fusion-layout-column fusion_builder_column fusion-builder-column-3 fusion_builder_column_3_5 3_5 fusion-flex-column fusion-flex-align-self-flex-start fusion-column-no-min-height\" style=\"--awb-padding-top:6%;--awb-padding-right:6%;--awb-padding-bottom:6%;--awb-padding-left:6%;--awb-bg-size:cover;--awb-border-color:hsla(var(--awb-color5-h),var(--awb-color5-s),var(--awb-color5-l),calc( var(--awb-color5-a) - 58% ));--awb-border-bottom:2px;--awb-border-style:dotted;--awb-filter:saturate(110%) brightness(120%) contrast(120%) opacity(90%);--awb-filter-transition:filter 0.3s ease;--awb-filter-hover:saturate(0%) brightness(124%) contrast(132%) opacity(90%);--awb-width-large:60%;--awb-margin-top-large:20px;--awb-spacing-right-large:3.2%;--awb-margin-bottom-large:40px;--awb-spacing-left-large:9.6%;--awb-width-medium:60%;--awb-order-medium:0;--awb-spacing-right-medium:3.2%;--awb-spacing-left-medium:9.6%;--awb-width-small:100%;--awb-order-small:0;--awb-spacing-right-small:1.92%;--awb-margin-bottom-small:0px;--awb-spacing-left-small:1.92%;\"><div class=\"fusion-column-wrapper fusion-column-has-shadow fusion-flex-justify-content-flex-start fusion-content-layout-column\"><div class=\"fusion-image-element\" style=\"text-align:center;--awb-caption-title-font-family:var(--h2_typography-font-family);--awb-caption-title-font-weight:var(--h2_typography-font-weight);--awb-caption-title-font-style:var(--h2_typography-font-style);--awb-caption-title-size:var(--h2_typography-font-size);--awb-caption-title-transform:var(--h2_typography-text-transform);--awb-caption-title-line-height:var(--h2_typography-line-height);--awb-caption-title-letter-spacing:var(--h2_typography-letter-spacing);\"><span class=\"fusion-imageframe imageframe-none imageframe-2 hover-type-zoomin fusion-animated\" style=\"border-radius:5px;\" data-animationtype=\"fadeInRight\" data-animationduration=\"1.0\" data-animationoffset=\"top-into-view\"><img decoding=\"async\" width=\"990\" height=\"559\" title=\"Burlesque Tanzkurse K\u00f6ln JGA\" src=\"https:\/\/burlesquecologne.de\/wp-content\/uploads\/2022\/08\/individual-classes-1.jpg\" data-orig-src=\"http:\/\/burlesquecologne.de\/wp-content\/uploads\/2022\/08\/individual-classes-1.jpg\" alt class=\"lazyload img-responsive wp-image-4072\" srcset=\"data:image\/svg+xml,%3Csvg%20xmlns%3D%27http%3A%2F%2Fwww.w3.org%2F2000%2Fsvg%27%20width%3D%27990%27%20height%3D%27559%27%20viewBox%3D%270%200%20990%20559%27%3E%3Crect%20width%3D%27990%27%20height%3D%27559%27%20fill-opacity%3D%220%22%2F%3E%3C%2Fsvg%3E\" data-srcset=\"https:\/\/burlesquecologne.de\/wp-content\/uploads\/2022\/08\/individual-classes-1-200x113.jpg 200w, https:\/\/burlesquecologne.de\/wp-content\/uploads\/2022\/08\/individual-classes-1-400x226.jpg 400w, https:\/\/burlesquecologne.de\/wp-content\/uploads\/2022\/08\/individual-classes-1-600x339.jpg 600w, https:\/\/burlesquecologne.de\/wp-content\/uploads\/2022\/08\/individual-classes-1-800x452.jpg 800w, https:\/\/burlesquecologne.de\/wp-content\/uploads\/2022\/08\/individual-classes-1.jpg 990w\" data-sizes=\"auto\" data-orig-sizes=\"(max-width: 1024px) 100vw, (max-width: 640px) 100vw, 600px\" \/><\/span><\/div><\/div><\/div><\/div><\/div><div class=\"fusion-fullwidth fullwidth-box fusion-builder-row-3 fusion-flex-container nonhundred-percent-fullwidth non-hundred-percent-height-scrolling\" style=\"--awb-background-repeat:repeat;--awb-border-radius-top-left:0px;--awb-border-radius-top-right:0px;--awb-border-radius-bottom-right:0px;--awb-border-radius-bottom-left:0px;--awb-padding-top:4%;--awb-padding-bottom:4%;--awb-padding-top-small:0px;--awb-background-image:linear-gradient(180deg, rgba(255,255,255,0) 6%,hsla(var(--awb-color8-h),var(--awb-color8-s),var(--awb-color8-l),calc( var(--awb-color8-a) - 30% )) 78%);--awb-flex-wrap:wrap;\" ><div class=\"fusion-builder-row fusion-row fusion-flex-align-items-center fusion-flex-justify-content-center fusion-flex-content-wrap\" style=\"max-width:1216.8px;margin-left: calc(-4% \/ 2 );margin-right: calc(-4% \/ 2 );\"><div class=\"fusion-layout-column fusion_builder_column fusion-builder-column-4 fusion_builder_column_3_5 3_5 fusion-flex-column fusion-flex-align-self-flex-start fusion-column-no-min-height\" style=\"--awb-padding-top:6%;--awb-padding-right:6%;--awb-padding-bottom:6%;--awb-padding-left:6%;--awb-overflow:hidden;--awb-bg-size:cover;--awb-border-color:hsla(var(--awb-color5-h),var(--awb-color5-s),var(--awb-color5-l),calc( var(--awb-color5-a) - 58% ));--awb-border-bottom:2px;--awb-border-style:dotted;--awb-border-radius:50% 50% 50% 50%;--awb-filter:saturate(106%) brightness(106%) contrast(110%) opacity(86%);--awb-filter-transition:filter 0.3s ease;--awb-filter-hover:saturate(0%) brightness(100%) contrast(120%) opacity(86%);--awb-width-large:60%;--awb-margin-top-large:20px;--awb-spacing-right-large:9.6%;--awb-margin-bottom-large:40px;--awb-spacing-left-large:3.2%;--awb-width-medium:60%;--awb-spacing-right-medium:9.6%;--awb-spacing-left-medium:3.2%;--awb-width-small:100%;--awb-spacing-right-small:1.92%;--awb-margin-bottom-small:0px;--awb-spacing-left-small:1.92%;\"><div class=\"fusion-column-wrapper fusion-column-has-shadow fusion-flex-justify-content-flex-start fusion-content-layout-column\"><div class=\"fusion-image-element\" style=\"text-align:center;--awb-max-width:620px;--awb-caption-title-font-family:var(--h2_typography-font-family);--awb-caption-title-font-weight:var(--h2_typography-font-weight);--awb-caption-title-font-style:var(--h2_typography-font-style);--awb-caption-title-size:var(--h2_typography-font-size);--awb-caption-title-transform:var(--h2_typography-text-transform);--awb-caption-title-line-height:var(--h2_typography-line-height);--awb-caption-title-letter-spacing:var(--h2_typography-letter-spacing);\"><span class=\"fusion-imageframe imageframe-none imageframe-3 hover-type-zoomin fusion-animated\" style=\"border-radius:50%;\" data-animationtype=\"fadeInRight\" data-animationduration=\"1.0\" data-animationoffset=\"top-into-view\"><img decoding=\"async\" width=\"1000\" height=\"1000\" title=\"Neo Burlesque Pizza Show\" src=\"https:\/\/burlesquecologne.de\/wp-content\/uploads\/2022\/08\/faq3.jpg\" data-orig-src=\"http:\/\/burlesquecologne.de\/wp-content\/uploads\/2022\/08\/faq3.jpg\" alt class=\"lazyload img-responsive wp-image-4092\" srcset=\"data:image\/svg+xml,%3Csvg%20xmlns%3D%27http%3A%2F%2Fwww.w3.org%2F2000%2Fsvg%27%20width%3D%271000%27%20height%3D%271000%27%20viewBox%3D%270%200%201000%201000%27%3E%3Crect%20width%3D%271000%27%20height%3D%271000%27%20fill-opacity%3D%220%22%2F%3E%3C%2Fsvg%3E\" data-srcset=\"https:\/\/burlesquecologne.de\/wp-content\/uploads\/2022\/08\/faq3-200x200.jpg 200w, https:\/\/burlesquecologne.de\/wp-content\/uploads\/2022\/08\/faq3-400x400.jpg 400w, https:\/\/burlesquecologne.de\/wp-content\/uploads\/2022\/08\/faq3-600x600.jpg 600w, https:\/\/burlesquecologne.de\/wp-content\/uploads\/2022\/08\/faq3-800x800.jpg 800w, https:\/\/burlesquecologne.de\/wp-content\/uploads\/2022\/08\/faq3.jpg 1000w\" data-sizes=\"auto\" data-orig-sizes=\"(max-width: 1024px) 100vw, (max-width: 640px) 100vw, 600px\" \/><\/span><\/div><\/div><\/div><div class=\"fusion-layout-column fusion_builder_column fusion-builder-column-5 fusion_builder_column_2_5 2_5 fusion-flex-column fusion-animated\" style=\"--awb-bg-size:cover;--awb-width-large:40%;--awb-margin-top-large:20px;--awb-spacing-right-large:4.8%;--awb-margin-bottom-large:20px;--awb-spacing-left-large:9.6%;--awb-width-medium:40%;--awb-spacing-right-medium:9.6%;--awb-spacing-left-medium:4.8%;--awb-width-small:100%;--awb-margin-top-small:0px;--awb-spacing-right-small:1.92%;--awb-spacing-left-small:1.92%;\" data-animationtype=\"fadeInLeft\" data-animationduration=\"1.0\" data-animationoffset=\"top-into-view\"><div class=\"fusion-column-wrapper fusion-column-has-shadow fusion-flex-justify-content-center fusion-content-layout-column\"><div class=\"fusion-title title fusion-title-3 fusion-sep-none fusion-title-text fusion-title-size-two\" style=\"--awb-margin-top:10px;--awb-margin-top-small:12px;--awb-margin-right-small:0px;--awb-margin-bottom-small:20px;--awb-margin-left-small:0px;--awb-font-size:4em;\"><h2 class=\"fusion-title-heading title-heading-left fusion-responsive-typography-calculated\" style=\"margin:0;font-size:1em;--fontSize:72;line-height:0.97;\"><span style=\"font-weight: 400;\">Gibt es eine Altersgrenze?<\/span><\/h2><\/div><div class=\"fusion-text fusion-text-3\"><p><span style=\"font-weight: 400;\">Jeder \u00fcber 18 ist willkommen. Es gibt keine Obergrenze.<\/span><\/p>\n<\/div><\/div><\/div><\/div><\/div><div class=\"fusion-fullwidth fullwidth-box fusion-builder-row-4 fusion-flex-container nonhundred-percent-fullwidth non-hundred-percent-height-scrolling\" style=\"--awb-background-repeat:repeat;--awb-border-radius-top-left:0px;--awb-border-radius-top-right:0px;--awb-border-radius-bottom-right:0px;--awb-border-radius-bottom-left:0px;--awb-padding-top:4%;--awb-padding-bottom:4%;--awb-padding-top-small:0px;--awb-background-color:hsla(var(--awb-color8-h),var(--awb-color8-s),var(--awb-color8-l),calc( var(--awb-color8-a) - 30% ));--awb-flex-wrap:wrap;\" ><div class=\"fusion-builder-row fusion-row fusion-flex-align-items-center fusion-flex-justify-content-center fusion-flex-content-wrap\" style=\"max-width:1216.8px;margin-left: calc(-4% \/ 2 );margin-right: calc(-4% \/ 2 );\"><div class=\"fusion-layout-column fusion_builder_column fusion-builder-column-6 fusion_builder_column_2_5 2_5 fusion-flex-column fusion-animated\" style=\"--awb-bg-size:cover;--awb-width-large:40%;--awb-margin-top-large:20px;--awb-spacing-right-large:9.6%;--awb-margin-bottom-large:20px;--awb-spacing-left-large:4.8%;--awb-width-medium:40%;--awb-spacing-right-medium:4.8%;--awb-spacing-left-medium:9.6%;--awb-width-small:100%;--awb-order-small:1;--awb-margin-top-small:0px;--awb-spacing-right-small:1.92%;--awb-spacing-left-small:1.92%;\" data-animationtype=\"fadeInLeft\" data-animationduration=\"1.0\" data-animationoffset=\"top-into-view\"><div class=\"fusion-column-wrapper fusion-column-has-shadow fusion-flex-justify-content-center fusion-content-layout-column\"><div class=\"fusion-title title fusion-title-4 fusion-sep-none fusion-title-text fusion-title-size-two\" style=\"--awb-margin-top:10px;--awb-margin-top-small:12px;--awb-margin-right-small:0px;--awb-margin-bottom-small:20px;--awb-margin-left-small:0px;--awb-font-size:4em;\"><h2 class=\"fusion-title-heading title-heading-left fusion-responsive-typography-calculated\" style=\"margin:0;font-size:1em;--fontSize:72;line-height:0.97;\"><span style=\"font-weight: 400;\">Brauche ich t\u00e4nzerische oder schauspielerische Vorkenntnisse?<\/span><\/h2><\/div><div class=\"fusion-text fusion-text-4\"><p><span style=\"font-weight: 400;\">Nein. Die Workshops und Junggesellinnenabschiede sind f\u00fcr alle Niveaus geeignet.<\/span><\/p>\n<\/div><\/div><\/div><div class=\"fusion-layout-column fusion_builder_column fusion-builder-column-7 fusion_builder_column_3_5 3_5 fusion-flex-column fusion-flex-align-self-flex-start fusion-column-no-min-height\" style=\"--awb-padding-top:6%;--awb-padding-right:6%;--awb-padding-bottom:6%;--awb-padding-left:6%;--awb-overflow:hidden;--awb-bg-size:cover;--awb-border-color:hsla(var(--awb-color5-h),var(--awb-color5-s),var(--awb-color5-l),calc( var(--awb-color5-a) - 58% ));--awb-border-bottom:2px;--awb-border-style:dotted;--awb-border-radius:50% 50% 50% 50%;--awb-filter:saturate(100%) brightness(100%) contrast(101%) opacity(90%);--awb-filter-transition:filter 0.3s ease;--awb-filter-hover:saturate(0%) brightness(124%) contrast(132%) opacity(90%);--awb-width-large:60%;--awb-margin-top-large:20px;--awb-spacing-right-large:3.2%;--awb-margin-bottom-large:40px;--awb-spacing-left-large:9.6%;--awb-width-medium:60%;--awb-spacing-right-medium:3.2%;--awb-spacing-left-medium:9.6%;--awb-width-small:100%;--awb-order-small:0;--awb-spacing-right-small:1.92%;--awb-margin-bottom-small:0px;--awb-spacing-left-small:1.92%;\"><div class=\"fusion-column-wrapper fusion-column-has-shadow fusion-flex-justify-content-flex-start fusion-content-layout-column\"><div class=\"fusion-image-element\" style=\"text-align:center;--awb-max-width:550px;--awb-caption-title-font-family:var(--h2_typography-font-family);--awb-caption-title-font-weight:var(--h2_typography-font-weight);--awb-caption-title-font-style:var(--h2_typography-font-style);--awb-caption-title-size:var(--h2_typography-font-size);--awb-caption-title-transform:var(--h2_typography-text-transform);--awb-caption-title-line-height:var(--h2_typography-line-height);--awb-caption-title-letter-spacing:var(--h2_typography-letter-spacing);\"><span class=\"fusion-imageframe imageframe-none imageframe-4 hover-type-zoomin fusion-animated\" style=\"border-radius:50%;\" data-animationtype=\"fadeInRight\" data-animationduration=\"1.0\" data-animationoffset=\"top-into-view\"><img decoding=\"async\" width=\"1000\" height=\"1000\" title=\"Burlesque Tanzkurse K\u00f6ln\" src=\"https:\/\/burlesquecologne.de\/wp-content\/uploads\/2022\/08\/faq2.jpg\" data-orig-src=\"http:\/\/burlesquecologne.de\/wp-content\/uploads\/2022\/08\/faq2.jpg\" alt class=\"lazyload img-responsive wp-image-4078\" srcset=\"data:image\/svg+xml,%3Csvg%20xmlns%3D%27http%3A%2F%2Fwww.w3.org%2F2000%2Fsvg%27%20width%3D%271000%27%20height%3D%271000%27%20viewBox%3D%270%200%201000%201000%27%3E%3Crect%20width%3D%271000%27%20height%3D%271000%27%20fill-opacity%3D%220%22%2F%3E%3C%2Fsvg%3E\" data-srcset=\"https:\/\/burlesquecologne.de\/wp-content\/uploads\/2022\/08\/faq2-200x200.jpg 200w, https:\/\/burlesquecologne.de\/wp-content\/uploads\/2022\/08\/faq2-400x400.jpg 400w, https:\/\/burlesquecologne.de\/wp-content\/uploads\/2022\/08\/faq2-600x600.jpg 600w, https:\/\/burlesquecologne.de\/wp-content\/uploads\/2022\/08\/faq2-800x800.jpg 800w, https:\/\/burlesquecologne.de\/wp-content\/uploads\/2022\/08\/faq2.jpg 1000w\" data-sizes=\"auto\" data-orig-sizes=\"(max-width: 1024px) 100vw, (max-width: 640px) 100vw, 600px\" \/><\/span><\/div><\/div><\/div><div class=\"fusion-layout-column fusion_builder_column fusion-builder-column-8 fusion_builder_column_5_6 5_6 fusion-flex-column fusion-animated\" style=\"--awb-bg-size:cover;--awb-width-large:83.333333333333%;--awb-margin-top-large:20px;--awb-spacing-right-large:4.608%;--awb-margin-bottom-large:20px;--awb-spacing-left-large:2.304%;--awb-width-medium:40%;--awb-spacing-right-medium:4.8%;--awb-spacing-left-medium:9.6%;--awb-width-small:100%;--awb-order-small:1;--awb-margin-top-small:0px;--awb-spacing-right-small:1.92%;--awb-spacing-left-small:1.92%;\" data-animationtype=\"fadeInLeft\" data-animationduration=\"1.0\" data-animationoffset=\"top-into-view\"><div class=\"fusion-column-wrapper fusion-column-has-shadow fusion-flex-justify-content-center fusion-content-layout-column\"><div class=\"fusion-title title fusion-title-5 fusion-sep-none fusion-title-text fusion-title-size-two\" style=\"--awb-margin-top:10px;--awb-margin-top-small:12px;--awb-margin-right-small:0px;--awb-margin-bottom-small:20px;--awb-margin-left-small:0px;--awb-font-size:4em;\"><h2 class=\"fusion-title-heading title-heading-left fusion-responsive-typography-calculated\" style=\"margin:0;font-size:1em;--fontSize:72;line-height:0.97;\"><p style=\"text-align: right;\"><span style=\"font-weight: 400;\">Wie melde ich mich an?<\/span><\/p><\/h2><\/div><div class=\"fusion-text fusion-text-5\"><p style=\"text-align: right;\"><span style=\"font-weight: 400;\">Schreib uns eine Email: info@burlesquecologne.de oder buche dein Ticket \u00fcber unsere Homepage.<\/span><\/p>\n<\/div><\/div><\/div><div class=\"fusion-layout-column fusion_builder_column fusion-builder-column-9 fusion_builder_column_1_6 1_6 fusion-flex-column\" style=\"--awb-bg-size:cover;--awb-width-large:16.666666666667%;--awb-margin-top-large:20px;--awb-spacing-right-large:11.52%;--awb-margin-bottom-large:20px;--awb-spacing-left-large:11.52%;--awb-width-medium:100%;--awb-order-medium:0;--awb-spacing-right-medium:1.92%;--awb-spacing-left-medium:1.92%;--awb-width-small:100%;--awb-order-small:0;--awb-spacing-right-small:1.92%;--awb-spacing-left-small:1.92%;\"><div class=\"fusion-column-wrapper fusion-column-has-shadow fusion-flex-justify-content-flex-start fusion-content-layout-column\"><i class=\"fb-icon-element-1 fb-icon-element fontawesome-icon fa-paper-plane fas circle-no fusion-text-flow\" style=\"--awb-font-size:50px;--awb-margin-right:25px;\"><\/i><\/div><\/div><\/div><\/div><\/p>","protected":false},"excerpt":{"rendered":"","protected":false},"author":1,"featured_media":4070,"parent":0,"menu_order":0,"comment_status":"closed","ping_status":"closed","template":"100-width.php","meta":{"_price":"","_stock":"","_tribe_ticket_header":"","_tribe_default_ticket_provider":"TEC\\Tickets\\Commerce\\Module","_tribe_ticket_capacity":"0","_ticket_start_date":"","_ticket_end_date":"","_tribe_ticket_show_description":"","_tribe_ticket_show_not_going":false,"_tribe_ticket_use_global_stock":"","_tribe_ticket_global_stock_level":"","_global_stock_mode":"","_global_stock_cap":"","_tribe_rsvp_for_event":"","_tribe_ticket_going_count":"","_tribe_ticket_not_going_count":"","_tribe_tickets_list":"[]","_tribe_ticket_has_attendee_info_fields":false,"footnotes":"","_tec_slr_enabled":"","_tec_slr_layout":""},"class_list":["post-2682","page","type-page","status-publish","has-post-thumbnail","hentry"],"ticketed":false,"_links":{"self":[{"href":"https:\/\/burlesquecologne.de\/de\/wp-json\/wp\/v2\/pages\/2682","targetHints":{"allow":["GET"]}}],"collection":[{"href":"https:\/\/burlesquecologne.de\/de\/wp-json\/wp\/v2\/pages"}],"about":[{"href":"https:\/\/burlesquecologne.de\/de\/wp-json\/wp\/v2\/types\/page"}],"author":[{"embeddable":true,"href":"https:\/\/burlesquecologne.de\/de\/wp-json\/wp\/v2\/users\/1"}],"replies":[{"embeddable":true,"href":"https:\/\/burlesquecologne.de\/de\/wp-json\/wp\/v2\/comments?post=2682"}],"version-history":[{"count":35,"href":"https:\/\/burlesquecologne.de\/de\/wp-json\/wp\/v2\/pages\/2682\/revisions"}],"predecessor-version":[{"id":6214,"href":"https:\/\/burlesquecologne.de\/de\/wp-json\/wp\/v2\/pages\/2682\/revisions\/6214"}],"wp:featuredmedia":[{"embeddable":true,"href":"https:\/\/burlesquecologne.de\/de\/wp-json\/wp\/v2\/media\/4070"}],"wp:attachment":[{"href":"https:\/\/burlesquecologne.de\/de\/wp-json\/wp\/v2\/media?parent=2682"}],"curies":[{"name":"wp","href":"https:\/\/api.w.org\/{rel}","templated":true}]}}