{"id":5400,"date":"2024-08-26T16:23:46","date_gmt":"2024-08-26T14:23:46","guid":{"rendered":"https:\/\/burlesquecologne.de\/?page_id=5400"},"modified":"2024-08-26T17:16:15","modified_gmt":"2024-08-26T15:16:15","slug":"privacy-policy-tickets","status":"publish","type":"page","link":"https:\/\/burlesquecologne.de\/de\/privacy-policy-tickets\/","title":{"rendered":"Gesch\u00e4ftsbedingungen f\u00fcr den Ticketerwerb"},"content":{"rendered":"<div class=\"fusion-fullwidth fullwidth-box fusion-builder-row-1 fusion-flex-container has-pattern-background has-mask-background nonhundred-percent-fullwidth non-hundred-percent-height-scrolling\" style=\"--awb-border-radius-top-left:0px;--awb-border-radius-top-right:0px;--awb-border-radius-bottom-right:0px;--awb-border-radius-bottom-left:0px;--awb-padding-top:60px;--awb-padding-bottom:60px;--awb-padding-top-medium:40px;--awb-padding-bottom-medium:40px;--awb-padding-top-small:0px;--awb-background-color:var(--awb-color8);--awb-flex-wrap:wrap;\" ><div class=\"fusion-builder-row fusion-row fusion-flex-align-items-flex-start fusion-flex-content-wrap\" style=\"max-width:1216.8px;margin-left: calc(-4% \/ 2 );margin-right: calc(-4% \/ 2 );\"><div class=\"fusion-layout-column fusion_builder_column fusion-builder-column-0 fusion_builder_column_2_3 2_3 fusion-flex-column\" style=\"--awb-bg-size:cover;--awb-width-large:66.666666666667%;--awb-margin-top-large:20px;--awb-spacing-right-large:2.88%;--awb-margin-bottom-large:20px;--awb-spacing-left-large:2.88%;--awb-width-medium:50%;--awb-spacing-right-medium:3.84%;--awb-margin-bottom-medium:0px;--awb-spacing-left-medium:3.84%;--awb-width-small:100%;--awb-spacing-right-small:1.92%;--awb-spacing-left-small:1.92%;\"><div class=\"fusion-column-wrapper fusion-column-has-shadow fusion-flex-justify-content-flex-start fusion-content-layout-column\"><div class=\"fusion-text fusion-text-1\"><div class=\"impressum\">\n<div class=\"page\" title=\"Page 9\">\n<div class=\"section\">\n<div class=\"layoutArea\">\n<div class=\"column\">\n<h4>Tanzvorf\u00fchrungen und Tanzworkshops<\/h4>\n<p>1. Geltungsbereich<br \/>\n2. Erreichbarkeit<br \/>\n3. Konzept<br \/>\n4. Vertragspartner, Vertragsschluss<br \/>\n5. Vertragssprache, Vertragstextspeicherung<br \/>\n6. M\u00f6glichkeit der Registrierung<br \/>\n7. Bezahlung<br \/>\n8. Ticket\u00fcbermittlung<br \/>\n9. Kein Widerrufsrech<br \/>\n10. Verbot gewerblicher Weiterverk\u00e4ufe<br \/>\n11. H\u00f6here Gewalt<br \/>\n12. Gew\u00e4hrleistung<br \/>\n13. Haftung, Haftungsbeschr\u00e4nkung<br \/>\n14. Hyperlinks<br \/>\n15. Allgemeine Bestimmungen, Streitbeilegung<\/p>\n<p><strong>1. Geltungsbereich<\/strong><br \/>\nDie nachfolgenden Gesch\u00e4ftsbedingungen gelten f\u00fcr den Online-Erwerb von Eintrittskarten\n(nachfolgend: Tickets) f\u00fcr Veranstaltungen von Anne Mehlinger und Analia Celeste Muniz \u00fcber die\nHomepage von Burlesque Cologne, nachfolgend als \u201eBurlesque Cologne\u201c genannt.\nDie Gesch\u00e4ftsbedingungen regeln insbesondere das Zustandekommen des Vertrags zwischen Ihnen\nund Burlesque Cologne. Sie gelten f\u00fcr alle Bestellungen durch Verbraucher. Verbraucher ist jede\nnat\u00fcrliche Person, die ein Rechtsgesch\u00e4ft zu Zwecken abschlie\u00dft, die \u00fcberwiegend weder ihrer\ngewerblichen noch ihrer selbst\u00e4ndigen beruflichen T\u00e4tigkeit zugerechnet werden k\u00f6nnen.\nBestandteil dieser Gesch\u00e4ftsbedingungen ist zus\u00e4tzlich die <a href=\"https:\/\/burlesquecologne.de\/de\/privacy-policy\/\">Datenschutzerkl\u00e4rung<\/a> f\u00fcr die Benutzung\nder Webseite in ihrer jeweils g\u00fcltigen Fassung inklusive der dortigen Darstellung \u00fcber Art, Umfang\nund Zweck der Erhebung und Verwendung Ihrer personenbezogenen Daten.\nDiese Gesch\u00e4ftsbedingungen gelten auch dann, wenn der Zugriff auf die Webseite von au\u00dferhalb\nder Bundesrepublik Deutschland erfolgt.<\/p>\n<p><strong>2. Erreichbarkeit<\/strong><br \/>\nWir bem\u00fchen uns im Rahmen der technischen M\u00f6glichkeiten um eine konstante Verf\u00fcgbarkeit\nunserer Webseite.<br \/>\nInsbesondere Wartungs-, Sicherheits- oder Kapazit\u00e4tsbelange k\u00f6nnen aber zu\nkurzfristigen St\u00f6rungen oder zur vor\u00fcbergehenden Nichtverf\u00fcgbarkeit f\u00fchren. Die gesetzlichen\nBestimmungen zu digitalen Produkten bleiben davon unber\u00fchrt.<\/p>\n<p><strong>3. Konzept<\/strong><br \/>\nWir verkaufen Tickets f\u00fcr Workshops und Tanzveranstaltungen. Die genauen Beschreibungen der\neinzelnen Workshops stehen bei den jeweiligen Veranstaltungen. Die Veranstaltungen mit\nTanzauff\u00fchrungen und verschiedenen Burlesque K\u00fcnstlern sind f\u00fcr die jeweiligen Events ebenfalls\nbeschrieben. Die Darstellungen die f\u00fcr Werbezwecke genutzt werden geben einen Eindruck der\nVeranstaltungen. Da es sich um eine Kunstdarstellung handelt, ist dies kein genaues Abbild, sondern\nlediglich eine \u00e4hnliche Darstellung.<\/p>\n<p><strong>4. Vertragspartner, Vertragsschluss<\/strong><br \/>\nDer Vertrag kommt zustande mit Analia Celeste Muniz f\u00fcr die Workshop Tickets, die auf der Homepage erworben werden. Bei Showangeboten ist es abh\u00e4ngig davon, mit wem die Show zustande kommt nach Absprache, welche Performerin gebucht wird.\nDie Darstellung der einzelnen Produkte auf der Webseite stellt ein verbindliches Angebot zum\nVertragsschluss \u00fcber den Erwerb der Tickets dar. Sie k\u00f6nnen ein Produkt zun\u00e4chst unverbindlich\nanklicken und Ihre Eingaben vor Absenden Ihrer verbindlichen Bestellung jederzeit pr\u00fcfen und\nkorrigieren. Der Vertrag kommt zustande, indem Sie durch Anklicken des Buttons\n\u201ezahlungspflichtig bestellen\u201c das Angebot annehmen und folgend ihre Daten bei Paypal eingeben\nund den Zahlungsvorgang dort abschlie\u00dfen.<br \/>\nDie Best\u00e4tigung des Zugangs Ihrer Bestellung erfolgt\nper E-Mail unmittelbar nach dem Absenden der Bestellung.<\/p>\n<p><strong>5. Vertragssprache, Vertragstextspeicherung<\/strong><br \/>\nDie f\u00fcr den Vertragsschluss zur Verf\u00fcgung stehenden Sprachen sind Deutsch und Englisch.\nWir speichern den Vertragstext und senden Ihnen die Bestellungsdaten und die vorliegenden\nNutzungs- und Gesch\u00e4ftsbedingungen per E-Mail zu. Den Vertragstext k\u00f6nnen Sie bei Bedarf auf\neinem dauerhaften Datentr\u00e4ger speichern.<\/p>\n<p><strong>6. M\u00f6glichkeit der Registrierung<\/strong><br \/>\nF\u00fcr die Auswahl und Produktbestellung wird derzeit keine Registrierung angeboten.<\/p>\n<p><strong>7. Bezahlung<\/strong><br \/>\nIn Zusammenarbeit mit Paypal bieten wir Ihnen grunds\u00e4tzlich die folgenden Zahlungsarten an:\nF\u00fcr die Zahlung mit PayPal CHECKOUT ben\u00f6tigen Sie kein PayPal-Konto.<br \/>\nPaypal\nDie Zahlungsart \"PayPal\" ist eine Zahlungsoption bei PayPal CHECKOUT. W\u00e4hrend Ihrer\nBestellung auf in unserem Onlineshop gelangen Sie automatisch auf die Bezahlseite von Paypal.\nDort werden Sie gebeten sich mit Ihren Daten anzumelden, um die Zahlung zu auszuf\u00fchren. Nach\nder Zahlungsbest\u00e4tigung f\u00fchren wir den Auftrag f\u00fcr Sie aus.\nUm den Rechnungsbetrag \u00fcber den Zahlungsdienstleister PayPal (Europe) S.\u00e0 r.l. et Cie, S.C.A, 22-24 Boulevard Royal, L-2449 Luxembourg (\u201ePayPal\u201c) bezahlen zu k\u00f6nnen, m\u00fcssen Sie bei PayPal registriert sein, sich mit Ihren Zugangsdaten legitimieren und die Zahlungsanweisung best\u00e4tigen.<br \/>\nDie Zahlungstransaktion wird durch PayPal unmittelbar nach Abgabe der Bestellung durchgef\u00fchrt.\nWeitere Hinweise erhalten Sie im Bestellvorgang.<br \/>\nSEPA Lastschrift via PayPal CHECKOUT\nDie Zahlungsart \"SEPA Lastschrift\" ist eine Zahlungsoption bei PayPal CHECKOUT. Sie ben\u00f6tigen\nkein PayPal Konto um per \"SEPA Lastschrift\" bei uns einzukaufen. Im Bestellprozess des\nWarenkorbs gelangen Sie nach Auswahl der Zahlungsart \"SEPA Lastschrift\" automatisch auf die\nBezahlseite von PayPal \"Per Lastschrift bezahlen\". Sie zahlen den Kaufpreis schnell und sicher\ndurch Eingabe Ihrer Bankverbindung im Abschluss Ihrer Bestellung. Direkt im Anschluss an die Transaktion erhalten Sie eine Best\u00e4tigungs-E-Mail von PayPal. Neben dem Transaktionsbetrag finden Sie dort auch das F\u00e4lligkeitsdatum der Zahlung. Paypal erinnert Sie zus\u00e4tzlich 4 Tage vor diesem F\u00e4lligkeitsdatum an die bevorstehende Lastschrift. Nach erfolgter Zahlung f\u00fchren wir den Auftrag f\u00fcr Sie aus.<br \/>\nKreditkarte via PayPal CHECKOUT\nDie Zahlungsart \"Kreditkarte\" ist eine Zahlungsoption bei PayPal CHECKOUT. Sie ben\u00f6tigen kein\nPayPal Konto um per \"Kreditkarte\" bei uns einzukaufen. PayPal akzeptiert Kreditkarten von\nMasterCard, Visa und American Express. Im Bestellprozess des Warenkorbs gelangen Sie nach\nAuswahl der Zahlungsart \"Kreditkarte\" automatisch auf die Bezahlseite von PayPal \"Mit\nKreditkarte bezahlen\u201c. Im Bestellprozess geben Sie Ihre Kreditkartendaten an. Ihre Karte wird\nunmittelbar nach Abgabe der Bestellung belastet.<\/p>\n<p><strong>8. Ticket\u00fcbermittlung<\/strong><br \/>\nNach Abschluss der Bestellung erhalten Sie Ihr Ticket per E-Mail.<\/p>\n<p><strong>9. No Right of Withdrawal<\/strong><br \/>\nBei der Veranstaltung handelt es sich um eine Veranstaltung im Zusammenhang mit\nFreizeitbet\u00e4tigungen, die die Vereinbarung eines spezifischen Termins voraussetzt. Die verbindliche\nTicketbestellung bringt daher die Bereitstellung von Kapazit\u00e4ten mit sich. Aus diesem Grund\nbesteht nach erfolgter Onlinebestellung ein gesetzliches Widerrufsrecht gem\u00e4\u00df \u00a7 312g Abs. 2 Nr. 9\nBGB nicht.<\/p>\n<p><strong>10. Verbot gewerblicher Weiterverk\u00e4ufe<\/strong><br \/>\nDer gewerbliche Weiterverkauf von Tickets ist untersagt.<\/p>\n<p><strong>11. H\u00f6here Gewalt<\/strong><br \/>\nWir behalten uns das Recht vor, vom Vertrag zur\u00fcckzutreten oder kurzfristig die Durchf\u00fchrung der\nVeranstaltung abzusagen, wenn die Organisation und Durchf\u00fchrung der Veranstaltung durch h\u00f6here\nGewalt oder sonstige, von uns nicht zu vertretene Umst\u00e4nde au\u00dferhalb unseres Einflussbereichs,\nwie z.B. Naturkatastrophen, Epidemien, Krieg, Brand objektiv nicht gew\u00e4hrleistet werden k\u00f6nnen.\nIn derartigen F\u00e4llen werden wir Sie unverz\u00fcglich nach Kenntnis der vorgenannten Umst\u00e4nde\ndar\u00fcber informieren und Ihnen etwaig geleistete Zahlungen unverz\u00fcglich zur\u00fcckerstatten. Die\nHaftungsbestimmungen nach Ziffer 13 dieser Gesch\u00e4ftsbedingungen bleiben hiervon unber\u00fchrt.<\/p>\n<p><strong>12. Gew\u00e4hrleistung<\/strong><br \/>\nEs gilt das gesetzliche Gew\u00e4hrleistungsrecht.<\/p>\n<p><strong>13. Haftung, Haftungsbeschr\u00e4nkung<\/strong><br \/>\nSchadensersatzanspr\u00fcche gegen\u00fcber Burlesque Cologne sind ausgeschlossen, soweit nachfolgend\nnichts anders bestimmt ist. Hiervon ausgenommen sind Schadensersatzanspr\u00fcche aus der\nVerletzung des Lebens, des K\u00f6rpers, der Gesundheit oder aus der Verletzung wesentlicher\nVertragspflichten (Kardinalpflichten) sowie die Haftung f\u00fcr sonstige Sch\u00e4den, die auf einer\nvors\u00e4tzlichen oder grob fahrl\u00e4ssigen Pflichtverletzung von Burlesque Cologne bzw. einem\ngesetzlichen Vertreter oder Erf\u00fcllungsgehilfen von Burlesque Cologne beruhen. Wesentliche\nVertragspflichten sind solche, deren Erf\u00fcllung zur Erreichung des Ziels des Vertrags notwendig ist.\nBei der Verletzung wesentlicher Vertragspflichten haftet Burlesque Cologne nur auf den\nvertragstypischen, vorhersehbaren Schaden, wenn dieser einfach fahrl\u00e4ssig verursacht wurde, es sei\ndenn, es handelt sich um Schadensersatzanspr\u00fcche aus einer Verletzung des Lebens, des K\u00f6rpers\noder der Gesundheit. Die Einschr\u00e4nkungen der vorstehenden Abs\u00e4tze gelten auch zugunsten der\ngesetzlichen Vertreter und Erf\u00fcllungsgehilfen von Burlesque Cologne, wenn Anspr\u00fcche direkt\ngegen diese geltend gemacht werden.<\/p>\n<p><strong>14. Hyperlinks<\/strong><br \/>\nInnerhalb unserer Website k\u00f6nnen im Einzelfall Hyperlinks auf Webseiten von Drittanbietern\nbereitgestellt werden. Hierbei handelt es sich ausschlie\u00dflich um fremde Inhalte, f\u00fcr die Burlesque\nCologne keine Gew\u00e4hr hinsichtlich der Richtigkeit und\/oder Rechtm\u00e4\u00dfigkeit \u00fcbernehmen kann.\nInsbesondere kann Burlesque Cologne derartige Inhalte nicht kontrollieren und macht sich diese\nunter keinen Umst\u00e4nden zueigen.<\/p>\n<p><strong>15. Allgemeine Bestimmungen, Streitbeilegung<\/strong><br \/>\nAuf die Rechtsverh\u00e4ltnisse zwischen Ihnen und Burlesque Cologne findet das Recht der\nBundesrepublik Deutschland Anwendung. Bei Verbrauchern gilt diese Rechtswahl nur, soweit\nhierdurch der durch zwingende Bestimmungen des Rechts des Staates des gew\u00f6hnlichen\nAufenthalts des Verbrauchers gew\u00e4hrte Schutz nicht entzogen wird (G\u00fcnstigkeitsprinzip).<\/p>\n<p>Sollten einzelne Bestimmungen dieser Gesch\u00e4ftsbedingungen ganz oder teilweise nicht\nrechtswirksam sein oder ihre Rechtswirksamkeit sp\u00e4ter verlieren, so soll hierdurch die G\u00fcltigkeit\ndes Vertrages im \u00dcbrigen nicht ber\u00fchrt werden. Soweit dies f\u00fcr eine Vertragspartei eine\nunzumutbare H\u00e4rte darstellen w\u00fcrde, wird der Vertrag jedoch im Ganzen unwirksam.<\/p>\n<p>Die Europ\u00e4ische Kommission stellt eine Plattform zur Online-Streitbeilegung (OS) bereit, die Sie\nhier finden <a href=\"https:\/\/ec.europa.eu\/consumers\/odr\/\" target=\"_blank\" rel=\"noopener\">https:\/\/ec.europa.eu\/consumers\/odr\/<\/a>. Zur Teilnahme an einem Streitbeilegungsverfahren\nvor einer Verbraucherschlichtungsstelle sind wir nicht verpflichtet und nicht bereit.<\/p>\n<\/div>\n<\/div>\n<\/div>\n<\/div>\n<\/div>\n<\/div><\/div><\/div><div class=\"fusion-layout-column fusion_builder_column fusion-builder-column-1 fusion_builder_column_1_3 1_3 fusion-flex-column fusion-flex-align-self-center fusion-no-small-visibility fusion-no-medium-visibility\" style=\"--awb-bg-size:cover;--awb-width-large:33.333333333333%;--awb-margin-top-large:20px;--awb-spacing-right-large:5.76%;--awb-margin-bottom-large:20px;--awb-spacing-left-large:5.76%;--awb-width-medium:100%;--awb-order-medium:0;--awb-spacing-right-medium:1.92%;--awb-spacing-left-medium:1.92%;--awb-width-small:100%;--awb-order-small:0;--awb-spacing-right-small:1.92%;--awb-spacing-left-small:1.92%;\"><div class=\"fusion-column-wrapper fusion-column-has-shadow fusion-flex-justify-content-flex-start fusion-content-layout-column\"><div class=\"fusion-image-element\" style=\"text-align:center;--awb-caption-title-font-family:var(--h2_typography-font-family);--awb-caption-title-font-weight:var(--h2_typography-font-weight);--awb-caption-title-font-style:var(--h2_typography-font-style);--awb-caption-title-size:var(--h2_typography-font-size);--awb-caption-title-transform:var(--h2_typography-text-transform);--awb-caption-title-line-height:var(--h2_typography-line-height);--awb-caption-title-letter-spacing:var(--h2_typography-letter-spacing);\"><span class=\"fusion-imageframe imageframe-none imageframe-1 hover-type-none\"><a class=\"fusion-no-lightbox\" href=\"http:\/\/bit.ly\/2KxGM0L\" target=\"_blank\" aria-label=\"Neo Burlesque Show K\u00f6ln NRW\" rel=\"noopener noreferrer\"><img decoding=\"async\" width=\"600\" height=\"900\" src=\"https:\/\/burlesquecologne.de\/wp-content\/uploads\/2022\/08\/02-2.jpg\" data-orig-src=\"http:\/\/burlesquecologne.de\/wp-content\/uploads\/2022\/08\/02-2.jpg\" alt class=\"lazyload img-responsive wp-image-3841\" srcset=\"data:image\/svg+xml,%3Csvg%20xmlns%3D%27http%3A%2F%2Fwww.w3.org%2F2000%2Fsvg%27%20width%3D%27600%27%20height%3D%27900%27%20viewBox%3D%270%200%20600%20900%27%3E%3Crect%20width%3D%27600%27%20height%3D%27900%27%20fill-opacity%3D%220%22%2F%3E%3C%2Fsvg%3E\" data-srcset=\"https:\/\/burlesquecologne.de\/wp-content\/uploads\/2022\/08\/02-2-200x300.jpg 200w, https:\/\/burlesquecologne.de\/wp-content\/uploads\/2022\/08\/02-2-400x600.jpg 400w, https:\/\/burlesquecologne.de\/wp-content\/uploads\/2022\/08\/02-2.jpg 600w\" data-sizes=\"auto\" data-orig-sizes=\"(max-width: 1024px) 100vw, (max-width: 640px) 100vw, 400px\" \/><\/a><\/span><\/div><div class=\"fusion-image-element\" style=\"text-align:center;--awb-caption-title-font-family:var(--h2_typography-font-family);--awb-caption-title-font-weight:var(--h2_typography-font-weight);--awb-caption-title-font-style:var(--h2_typography-font-style);--awb-caption-title-size:var(--h2_typography-font-size);--awb-caption-title-transform:var(--h2_typography-text-transform);--awb-caption-title-line-height:var(--h2_typography-line-height);--awb-caption-title-letter-spacing:var(--h2_typography-letter-spacing);\"><span class=\"fusion-imageframe imageframe-none imageframe-2 hover-type-none\"><a class=\"fusion-no-lightbox\" href=\"http:\/\/bit.ly\/2KxGM0L\" target=\"_blank\" aria-label=\"Goldenen zwanziger, motto party, NRW Burlesque K\u00f6ln\" rel=\"noopener noreferrer\"><img decoding=\"async\" width=\"1706\" height=\"2560\" src=\"https:\/\/burlesquecologne.de\/wp-content\/uploads\/2020\/10\/IMG_0472-scaled.jpg\" data-orig-src=\"http:\/\/burlesquecologne.de\/wp-content\/uploads\/2020\/10\/IMG_0472-scaled.jpg\" alt class=\"lazyload img-responsive wp-image-3663\" srcset=\"data:image\/svg+xml,%3Csvg%20xmlns%3D%27http%3A%2F%2Fwww.w3.org%2F2000%2Fsvg%27%20width%3D%271706%27%20height%3D%272560%27%20viewBox%3D%270%200%201706%202560%27%3E%3Crect%20width%3D%271706%27%20height%3D%272560%27%20fill-opacity%3D%220%22%2F%3E%3C%2Fsvg%3E\" data-srcset=\"https:\/\/burlesquecologne.de\/wp-content\/uploads\/2020\/10\/IMG_0472-200x300.jpg 200w, https:\/\/burlesquecologne.de\/wp-content\/uploads\/2020\/10\/IMG_0472-400x600.jpg 400w, https:\/\/burlesquecologne.de\/wp-content\/uploads\/2020\/10\/IMG_0472-600x900.jpg 600w, https:\/\/burlesquecologne.de\/wp-content\/uploads\/2020\/10\/IMG_0472-800x1200.jpg 800w, https:\/\/burlesquecologne.de\/wp-content\/uploads\/2020\/10\/IMG_0472-1200x1800.jpg 1200w, https:\/\/burlesquecologne.de\/wp-content\/uploads\/2020\/10\/IMG_0472-scaled.jpg 1706w\" data-sizes=\"auto\" data-orig-sizes=\"(max-width: 1024px) 100vw, (max-width: 640px) 100vw, 400px\" \/><\/a><\/span><\/div><\/div><\/div><\/div><\/div>","protected":false},"excerpt":{"rendered":"","protected":false},"author":1,"featured_media":5026,"parent":0,"menu_order":0,"comment_status":"closed","ping_status":"closed","template":"100-width.php","meta":{"_price":"","_stock":"","_tribe_ticket_header":"","_tribe_default_ticket_provider":"TEC\\Tickets\\Commerce\\Module","_tribe_ticket_capacity":"0","_ticket_start_date":"","_ticket_end_date":"","_tribe_ticket_show_description":"","_tribe_ticket_show_not_going":false,"_tribe_ticket_use_global_stock":"","_tribe_ticket_global_stock_level":"","_global_stock_mode":"","_global_stock_cap":"","_tribe_rsvp_for_event":"","_tribe_ticket_going_count":"","_tribe_ticket_not_going_count":"","_tribe_tickets_list":"[]","_tribe_ticket_has_attendee_info_fields":false,"footnotes":"","_tec_slr_enabled":"","_tec_slr_layout":""},"class_list":["post-5400","page","type-page","status-publish","has-post-thumbnail","hentry"],"ticketed":false,"_links":{"self":[{"href":"https:\/\/burlesquecologne.de\/de\/wp-json\/wp\/v2\/pages\/5400","targetHints":{"allow":["GET"]}}],"collection":[{"href":"https:\/\/burlesquecologne.de\/de\/wp-json\/wp\/v2\/pages"}],"about":[{"href":"https:\/\/burlesquecologne.de\/de\/wp-json\/wp\/v2\/types\/page"}],"author":[{"embeddable":true,"href":"https:\/\/burlesquecologne.de\/de\/wp-json\/wp\/v2\/users\/1"}],"replies":[{"embeddable":true,"href":"https:\/\/burlesquecologne.de\/de\/wp-json\/wp\/v2\/comments?post=5400"}],"version-history":[{"count":13,"href":"https:\/\/burlesquecologne.de\/de\/wp-json\/wp\/v2\/pages\/5400\/revisions"}],"predecessor-version":[{"id":5418,"href":"https:\/\/burlesquecologne.de\/de\/wp-json\/wp\/v2\/pages\/5400\/revisions\/5418"}],"wp:featuredmedia":[{"embeddable":true,"href":"https:\/\/burlesquecologne.de\/de\/wp-json\/wp\/v2\/media\/5026"}],"wp:attachment":[{"href":"https:\/\/burlesquecologne.de\/de\/wp-json\/wp\/v2\/media?parent=5400"}],"curies":[{"name":"wp","href":"https:\/\/api.w.org\/{rel}","templated":true}]}}